{"id":9556,"date":"2022-01-31T20:06:19","date_gmt":"2022-01-31T23:06:19","guid":{"rendered":"https:\/\/cursos.ruthjunqueira.org.br\/fh\/?post_type=product&#038;p=9556"},"modified":"2026-05-01T00:56:58","modified_gmt":"2026-05-01T03:56:58","slug":"costura-modista-1330-as-1730","status":"publish","type":"product","link":"https:\/\/cursos.ruthjunqueira.org.br\/fh\/produto\/costura-modista-1330-as-1730\/","title":{"rendered":"Costura Modista (sem data) &#8211; 13:30 \u00e0s 17:30"},"content":{"rendered":"<div class=\"\" data-block=\"true\" data-editor=\"4mva5\" data-offset-key=\"8sfa0-0-0\">\n<div class=\"_1mf _1mj\" data-offset-key=\"8sfa0-0-0\"><span data-offset-key=\"8sfa0-0-0\">CURSO<\/span><span data-offset-key=\"8sfa0-1-0\"> DE CORTE E COSTURA &#8211; MODISTA<\/span><\/div>\n<div data-offset-key=\"8sfa0-0-0\"><span data-offset-key=\"30p4l-0-0\">AULAS PRESENCIAIS<\/span><\/div>\n<\/div>\n<div class=\"\" data-block=\"true\" data-editor=\"4mva5\" data-offset-key=\"67ho4-0-0\">\n<div class=\"_1mf _1mj\" data-offset-key=\"67ho4-0-0\"><span data-offset-key=\"67ho4-0-0\">O Curso de corte e costura \u00e9 adequado para qualquer pessoa que queira aprender a cortar e costurar suas pr\u00f3prias pe\u00e7as e criar os moldes.<\/span><\/div>\n<\/div>\n<div class=\"\" data-block=\"true\" data-editor=\"4mva5\" data-offset-key=\"5rg0c-0-0\">\n<div class=\"_1mf _1mj\" data-offset-key=\"5rg0c-0-0\"><span data-offset-key=\"5rg0c-0-0\">No entanto, n\u00e3o \u00e9 apenas para iniciantes. Voc\u00ea ser\u00e1 capaz de aprender t\u00e9cnicas que lhe permitir\u00e1 melhorar suas habilidades como costureira e criar diversas pe\u00e7as e moldes.<\/span><\/div>\n<\/div>\n<div class=\"\" data-block=\"true\" data-editor=\"4mva5\" data-offset-key=\"e3vkr-0-0\">\n<div class=\"_1mf _1mj\" data-offset-key=\"e3vkr-0-0\"><span data-offset-key=\"e3vkr-0-0\">Fornecemos a voc\u00ea um processo de montagem completo que cobre todas as etapas de constru\u00e7\u00e3o e acabamento do vestu\u00e1rio (corte, costura); saia, cal\u00e7a, casaco entre outras pe\u00e7as criando os moldes.<\/span><\/div>\n<\/div>\n<div class=\"\" data-block=\"true\" data-editor=\"4mva5\" data-offset-key=\"3mmnd-0-0\">\n<div class=\"_1mf _1mj\" data-offset-key=\"3mmnd-0-0\"><span data-offset-key=\"3mmnd-0-0\">Melhore seu potencial de conhecimento ou amplie suas chances no mercado de trabalho.<\/span><\/div>\n<\/div>\n<div class=\"\" data-block=\"true\" data-editor=\"4mva5\" data-offset-key=\"dlbnk-0-0\">\n<div class=\"_1mf _1mj\" data-offset-key=\"dlbnk-0-0\"><span data-offset-key=\"dlbnk-0-0\">\u00a0<\/span><\/div>\n<\/div>\n<div class=\"\" data-block=\"true\" data-editor=\"4mva5\" data-offset-key=\"30p4l-0-0\">\n<div class=\"_1mf _1mj\" data-offset-key=\"30p4l-0-0\"><\/div>\n<\/div>\n<div class=\"\" data-block=\"true\" data-editor=\"4mva5\" data-offset-key=\"3v8iq-0-0\"><\/div>\n<div class=\"\" data-block=\"true\" data-editor=\"4mva5\" data-offset-key=\"846kp-0-0\">\n<div class=\"_1mf _1mj\" data-offset-key=\"846kp-0-0\"><\/div>\n<\/div>\n","protected":false},"excerpt":{"rendered":"<p>Curso 100% presencial, aulas de segunda a quinta, dura\u00e7\u00e3o 4 semanas, costura modinha, m\u00e1quinas caseiras, com certificado no t\u00e9rmino do curso.<\/p>\n","protected":false},"featured_media":11420,"comment_status":"open","ping_status":"closed","template":"","meta":{"_bbp_topic_count":0,"_bbp_reply_count":0,"_bbp_total_topic_count":0,"_bbp_total_reply_count":0,"_bbp_voice_count":0,"_bbp_anonymous_reply_count":0,"_bbp_topic_count_hidden":0,"_bbp_reply_count_hidden":0,"_bbp_forum_subforum_count":0,"pmpro_default_level":""},"product_cat":[198],"product_tag":[199,204,200,202,201,205],"_links":{"self":[{"href":"https:\/\/cursos.ruthjunqueira.org.br\/fh\/wp-json\/wp\/v2\/product\/9556"}],"collection":[{"href":"https:\/\/cursos.ruthjunqueira.org.br\/fh\/wp-json\/wp\/v2\/product"}],"about":[{"href":"https:\/\/cursos.ruthjunqueira.org.br\/fh\/wp-json\/wp\/v2\/types\/product"}],"replies":[{"embeddable":true,"href":"https:\/\/cursos.ruthjunqueira.org.br\/fh\/wp-json\/wp\/v2\/comments?post=9556"}],"wp:featuredmedia":[{"embeddable":true,"href":"https:\/\/cursos.ruthjunqueira.org.br\/fh\/wp-json\/wp\/v2\/media\/11420"}],"wp:attachment":[{"href":"https:\/\/cursos.ruthjunqueira.org.br\/fh\/wp-json\/wp\/v2\/media?parent=9556"}],"wp:term":[{"taxonomy":"product_cat","embeddable":true,"href":"https:\/\/cursos.ruthjunqueira.org.br\/fh\/wp-json\/wp\/v2\/product_cat?post=9556"},{"taxonomy":"product_tag","embeddable":true,"href":"https:\/\/cursos.ruthjunqueira.org.br\/fh\/wp-json\/wp\/v2\/product_tag?post=9556"}],"curies":[{"name":"wp","href":"https:\/\/api.w.org\/{rel}","templated":true}]}}