{"id":9542,"date":"2022-01-31T19:46:05","date_gmt":"2022-01-31T22:46:05","guid":{"rendered":"https:\/\/cursos.ruthjunqueira.org.br\/fh\/?post_type=product&#038;p=9542"},"modified":"2026-03-25T22:58:41","modified_gmt":"2026-03-26T01:58:41","slug":"manicure-e-pedicure-1330-as-1730","status":"publish","type":"product","link":"https:\/\/cursos.ruthjunqueira.org.br\/fh\/produto\/manicure-e-pedicure-1330-as-1730\/","title":{"rendered":"Manicure e Pedicure (sem data) &#8211; 13:30 \u00e0s 17:30"},"content":{"rendered":"<section class=\"elementor-section elementor-top-section elementor-element elementor-element-51b82fb elementor-section-boxed elementor-section-height-default elementor-section-height-default\" data-id=\"51b82fb\" data-element_type=\"section\">\n<div class=\"elementor-container elementor-column-gap-default\">\n<div class=\"elementor-column elementor-col-100 elementor-top-column elementor-element elementor-element-5e3b183\" data-id=\"5e3b183\" data-element_type=\"column\">\n<div class=\"elementor-widget-wrap elementor-element-populated\">\n<div class=\"elementor-element elementor-element-bef3e76 elementor-widget elementor-widget-heading\" data-id=\"bef3e76\" data-element_type=\"widget\" data-widget_type=\"heading.default\">\n<div class=\"elementor-widget-container\">\n<h2 class=\"elementor-heading-title elementor-size-default\">Conte\u00fado do curso:<\/h2>\n<\/div>\n<\/div>\n<\/div>\n<\/div>\n<\/div>\n<\/section>\n<section class=\"elementor-section elementor-top-section elementor-element elementor-element-6f1aae7 elementor-section-boxed elementor-section-height-default elementor-section-height-default\" data-id=\"6f1aae7\" data-element_type=\"section\">\n<div class=\"elementor-container elementor-column-gap-default\">\n<div class=\"elementor-column elementor-col-100 elementor-top-column elementor-element elementor-element-ea0de30\" data-id=\"ea0de30\" data-element_type=\"column\">\n<div class=\"elementor-widget-wrap elementor-element-populated\">\n<div class=\"elementor-element elementor-element-d6178ea elementor-widget elementor-widget-text-editor\" data-id=\"d6178ea\" data-element_type=\"widget\" data-widget_type=\"text-editor.default\">\n<div class=\"elementor-widget-container\">\n<pre>Anatomia da unha\r\nAtendimento diferenciado\r\nCalosidades\r\nCuidados a serem tomados para evitar a contamina\u00e7\u00e3o nos sal\u00f5es de beleza\r\nCuidados com os p\u00e9s diab\u00e9ticos durante o pedicuro\r\nDetox para as unhas\r\nDiretrizes b\u00e1sicas de esteriliza\u00e7\u00e3o e desinfe\u00e7\u00e3o\r\nDoen\u00e7as das unhas das m\u00e3os e dos p\u00e9s\r\nEfeito leite condensado\r\nEfeito neve\r\nEfeito noiva\r\nEfeito preto paran\u00e1\r\nEfeito sandu\u00edche\r\nEsmalta\u00e7\u00e3o em gel\r\nFormato das unhas\r\nHigiene pessoal e local de trabalho\r\nLimpeza dos alicates\r\nM\u00e9todos de desinfec\u00e7\u00e3o e esteriliza\u00e7\u00e3o dos instrumentos de trabalho\r\nMini spa das m\u00e3os \u2013 passo a passo\r\nO profissional \u00e9tico \u00e9 aquele que\r\nOnicomicose (micose de unha)\r\nOrganiza\u00e7\u00e3o f\u00edsica do ambiente\r\nParon\u00edquia (inflama\u00e7\u00e3o)\r\nPostura e \u00e9tica profissional\r\nProdutos para manicure e pedicure\r\nRadar das unhas\r\nResponsabilidade com o consumidor (teixeira, 2004)\r\nSequencia de manicure\r\nSequencia de pedicure\r\nSolu\u00e7\u00e3o desinfetante\r\nT\u00e9cnicas de higiene\r\nT\u00e9cnicas de tratamento e embelezamento das m\u00e3os e dos p\u00e9s<\/pre>\n<\/div>\n<\/div>\n<\/div>\n<\/div>\n<\/div>\n<\/section>\n","protected":false},"excerpt":{"rendered":"<p>Curso 100% presencial, aulas de segunda a quinta, dura\u00e7\u00e3o 4 semanas, manicure e pedicure, esmalta\u00e7\u00e3o, com certificado no t\u00e9rmino do curso.<\/p>\n<p>Obs: Material incluso para aprendizado em sala de aula<\/p>\n","protected":false},"featured_media":11391,"comment_status":"open","ping_status":"closed","template":"","meta":{"_bbp_topic_count":0,"_bbp_reply_count":0,"_bbp_total_topic_count":0,"_bbp_total_reply_count":0,"_bbp_voice_count":0,"_bbp_anonymous_reply_count":0,"_bbp_topic_count_hidden":0,"_bbp_reply_count_hidden":0,"_bbp_forum_subforum_count":0,"pmpro_default_level":""},"product_cat":[175,176],"product_tag":[181,183,184,177,178,182],"_links":{"self":[{"href":"https:\/\/cursos.ruthjunqueira.org.br\/fh\/wp-json\/wp\/v2\/product\/9542"}],"collection":[{"href":"https:\/\/cursos.ruthjunqueira.org.br\/fh\/wp-json\/wp\/v2\/product"}],"about":[{"href":"https:\/\/cursos.ruthjunqueira.org.br\/fh\/wp-json\/wp\/v2\/types\/product"}],"replies":[{"embeddable":true,"href":"https:\/\/cursos.ruthjunqueira.org.br\/fh\/wp-json\/wp\/v2\/comments?post=9542"}],"wp:featuredmedia":[{"embeddable":true,"href":"https:\/\/cursos.ruthjunqueira.org.br\/fh\/wp-json\/wp\/v2\/media\/11391"}],"wp:attachment":[{"href":"https:\/\/cursos.ruthjunqueira.org.br\/fh\/wp-json\/wp\/v2\/media?parent=9542"}],"wp:term":[{"taxonomy":"product_cat","embeddable":true,"href":"https:\/\/cursos.ruthjunqueira.org.br\/fh\/wp-json\/wp\/v2\/product_cat?post=9542"},{"taxonomy":"product_tag","embeddable":true,"href":"https:\/\/cursos.ruthjunqueira.org.br\/fh\/wp-json\/wp\/v2\/product_tag?post=9542"}],"curies":[{"name":"wp","href":"https:\/\/api.w.org\/{rel}","templated":true}]}}