{"id":9532,"date":"2022-01-31T19:26:26","date_gmt":"2022-01-31T22:26:26","guid":{"rendered":"https:\/\/cursos.ruthjunqueira.org.br\/fh\/?post_type=product&#038;p=9532"},"modified":"2025-08-15T10:57:07","modified_gmt":"2025-08-15T13:57:07","slug":"salgados-0800-as-1200","status":"publish","type":"product","link":"https:\/\/cursos.ruthjunqueira.org.br\/fh\/produto\/salgados-0800-as-1200\/","title":{"rendered":"Salgados (sem data) &#8211; 08:00 \u00e0s 12:00"},"content":{"rendered":"","protected":false},"excerpt":{"rendered":"<p>Curso 100% presencial, aulas de segunda a quinta, dura\u00e7\u00e3o 1 semana, salgados diversos, com certificado no t\u00e9rmino do curso.<\/p>\n","protected":false},"featured_media":11409,"comment_status":"open","ping_status":"closed","template":"","meta":{"_bbp_topic_count":0,"_bbp_reply_count":0,"_bbp_total_topic_count":0,"_bbp_total_reply_count":0,"_bbp_voice_count":0,"_bbp_anonymous_reply_count":0,"_bbp_topic_count_hidden":0,"_bbp_reply_count_hidden":0,"_bbp_forum_subforum_count":0,"pmpro_default_level":""},"product_cat":[143],"product_tag":[164,165,166,148,167],"_links":{"self":[{"href":"https:\/\/cursos.ruthjunqueira.org.br\/fh\/wp-json\/wp\/v2\/product\/9532"}],"collection":[{"href":"https:\/\/cursos.ruthjunqueira.org.br\/fh\/wp-json\/wp\/v2\/product"}],"about":[{"href":"https:\/\/cursos.ruthjunqueira.org.br\/fh\/wp-json\/wp\/v2\/types\/product"}],"replies":[{"embeddable":true,"href":"https:\/\/cursos.ruthjunqueira.org.br\/fh\/wp-json\/wp\/v2\/comments?post=9532"}],"wp:featuredmedia":[{"embeddable":true,"href":"https:\/\/cursos.ruthjunqueira.org.br\/fh\/wp-json\/wp\/v2\/media\/11409"}],"wp:attachment":[{"href":"https:\/\/cursos.ruthjunqueira.org.br\/fh\/wp-json\/wp\/v2\/media?parent=9532"}],"wp:term":[{"taxonomy":"product_cat","embeddable":true,"href":"https:\/\/cursos.ruthjunqueira.org.br\/fh\/wp-json\/wp\/v2\/product_cat?post=9532"},{"taxonomy":"product_tag","embeddable":true,"href":"https:\/\/cursos.ruthjunqueira.org.br\/fh\/wp-json\/wp\/v2\/product_tag?post=9532"}],"curies":[{"name":"wp","href":"https:\/\/api.w.org\/{rel}","templated":true}]}}