{"id":9528,"date":"2022-01-31T19:18:54","date_gmt":"2022-01-31T22:18:54","guid":{"rendered":"https:\/\/cursos.ruthjunqueira.org.br\/fh\/?post_type=product&#038;p=9528"},"modified":"2024-05-23T08:16:34","modified_gmt":"2024-05-23T11:16:34","slug":"paes-rusticos-0800-as-1200","status":"publish","type":"product","link":"https:\/\/cursos.ruthjunqueira.org.br\/fh\/produto\/paes-rusticos-0800-as-1200\/","title":{"rendered":"P\u00e3es R\u00fasticos (sem data) &#8211; 08:00 \u00e0s 12:00"},"content":{"rendered":"","protected":false},"excerpt":{"rendered":"<p>Curso 100% presencial, aulas de segunda a quinta, dura\u00e7\u00e3o 1 semana, p\u00e3es especiais, p\u00e3es r\u00fasticos, com certificado no t\u00e9rmino do curso.<\/p>\n","protected":false},"featured_media":11434,"comment_status":"open","ping_status":"closed","template":"","meta":{"_bbp_topic_count":0,"_bbp_reply_count":0,"_bbp_total_topic_count":0,"_bbp_total_reply_count":0,"_bbp_voice_count":0,"_bbp_anonymous_reply_count":0,"_bbp_topic_count_hidden":0,"_bbp_reply_count_hidden":0,"_bbp_forum_subforum_count":0,"pmpro_default_level":""},"product_cat":[143],"product_tag":[163,162],"_links":{"self":[{"href":"https:\/\/cursos.ruthjunqueira.org.br\/fh\/wp-json\/wp\/v2\/product\/9528"}],"collection":[{"href":"https:\/\/cursos.ruthjunqueira.org.br\/fh\/wp-json\/wp\/v2\/product"}],"about":[{"href":"https:\/\/cursos.ruthjunqueira.org.br\/fh\/wp-json\/wp\/v2\/types\/product"}],"replies":[{"embeddable":true,"href":"https:\/\/cursos.ruthjunqueira.org.br\/fh\/wp-json\/wp\/v2\/comments?post=9528"}],"wp:featuredmedia":[{"embeddable":true,"href":"https:\/\/cursos.ruthjunqueira.org.br\/fh\/wp-json\/wp\/v2\/media\/11434"}],"wp:attachment":[{"href":"https:\/\/cursos.ruthjunqueira.org.br\/fh\/wp-json\/wp\/v2\/media?parent=9528"}],"wp:term":[{"taxonomy":"product_cat","embeddable":true,"href":"https:\/\/cursos.ruthjunqueira.org.br\/fh\/wp-json\/wp\/v2\/product_cat?post=9528"},{"taxonomy":"product_tag","embeddable":true,"href":"https:\/\/cursos.ruthjunqueira.org.br\/fh\/wp-json\/wp\/v2\/product_tag?post=9528"}],"curies":[{"name":"wp","href":"https:\/\/api.w.org\/{rel}","templated":true}]}}