{"id":9516,"date":"2022-01-31T18:51:27","date_gmt":"2022-01-31T21:51:27","guid":{"rendered":"https:\/\/cursos.ruthjunqueira.org.br\/fh\/?post_type=product&#038;p=9516"},"modified":"2024-08-09T10:58:04","modified_gmt":"2024-08-09T13:58:04","slug":"confeiteiro-1-1330-as-1730","status":"publish","type":"product","link":"https:\/\/cursos.ruthjunqueira.org.br\/fh\/produto\/confeiteiro-1-1330-as-1730\/","title":{"rendered":"Confeiteiro 1 (sem data) &#8211; 13:30 \u00e0s 17:30"},"content":{"rendered":"<section class=\"elementor-section elementor-top-section elementor-element elementor-element-ec47c23 elementor-section-boxed elementor-section-height-default elementor-section-height-default\" data-id=\"ec47c23\" data-element_type=\"section\">\n<div class=\"elementor-container elementor-column-gap-default\">\n<div class=\"elementor-column elementor-col-100 elementor-top-column elementor-element elementor-element-def1a07\" data-id=\"def1a07\" data-element_type=\"column\">\n<div class=\"elementor-widget-wrap elementor-element-populated\">\n<div class=\"elementor-element elementor-element-608f1ce elementor-widget elementor-widget-heading\" data-id=\"608f1ce\" data-element_type=\"widget\" data-widget_type=\"heading.default\">\n<div class=\"elementor-widget-container\">\n<h2 class=\"elementor-heading-title elementor-size-default\">Conte\u00fado do curso:<\/h2>\n<\/div>\n<\/div>\n<\/div>\n<\/div>\n<\/div>\n<\/section>\n<section class=\"elementor-section elementor-top-section elementor-element elementor-element-d46e82f elementor-section-boxed elementor-section-height-default elementor-section-height-default\" data-id=\"d46e82f\" data-element_type=\"section\">\n<div class=\"elementor-container elementor-column-gap-default\">\n<div class=\"elementor-column elementor-col-100 elementor-top-column elementor-element elementor-element-64a43da\" data-id=\"64a43da\" data-element_type=\"column\">\n<div class=\"elementor-widget-wrap elementor-element-populated\">\n<div class=\"elementor-element elementor-element-f54643b elementor-widget elementor-widget-text-editor\" data-id=\"f54643b\" data-element_type=\"widget\" data-widget_type=\"text-editor.default\">\n<div class=\"elementor-widget-container\">\n<pre>Amor em peda\u00e7o\r\nBaba de mo\u00e7a\r\nBeijinho de coco\r\nBeijinhos de abacaxi\r\nBolacha mantese ou tr\u00eas farinhas\r\nBolinho cristal\r\nBolo chiffon de chocolate\r\nBolo crocante de nozes e coco\r\nBolo de cenoura\r\nBolo de coca-cola\r\nBolo de refrigerante de laranja\r\nBolo delicioso\r\nBolo formigueiro\r\nBolo ingl\u00eas\r\nBolo m\u00e1rmore\r\nBolo prest\u00edgio\r\nBolo xadrez\r\nBombas\r\nBombocado de fub\u00e1\r\nBombom de uva\r\nBrigadeiro\r\nBrigadeiro branco\r\nBrigadeiro preto\r\nCajuzinho\r\nCalda para espelhar\r\nCalda para umedecer bolo\r\nCazulo dourado (ouri\u00e7o)\r\nCobertura de emulsificante\r\nCoxinhas\r\nCreme de confeiteiro\r\nCreme de ovos\r\nCreme de paris\r\nCreme tipo catupiry\r\nCrocante\r\nDel\u00edcia de nozes (camafeu)\r\nDocinhos do Par\u00e1\r\nEmpadinhas\r\nEmpadinhas de queijo\r\nEmpadinhas dos tr\u00eas pingos\r\nEsfiha\r\nFatias h\u00fangaras\r\nGel\u00e9ia de damasco\r\nGlac\u00ea crespo\r\nKuque luiza\r\nMarshmallow\r\nMarta rocha\r\nMassa 5 del\u00edcias\r\nMassa b\u00e1sica para salgados\r\nMassa de past\u00e9is com creme tipo catupiry ao forno\r\nMassa folhada\r\nMassa para pastel assado\r\nMousse de lim\u00e3o\r\nNata batida para bolos e tortas\r\nNega maluca\r\nNozes gla\u00e7adas\r\nOvos moles\r\nP\u00e3o de l\u00f3 de baunilha para rocambole\r\nP\u00e3o de queijo\r\nPetit g\u00e2teau com mousse de lim\u00e3o\r\nPizza r\u00e1pida\r\nPudim\r\nQueijadinhas\r\nQuiche de presunto\r\nQuindins\r\nRissoles\r\nRocambole\r\nRocambole prest\u00edgio\r\nRoscas fritas\r\nSalgado de milho verde\r\nStoli (p\u00e3o doce)\r\nSupreme de coco\r\nSuspiro\r\nToalha felpuda\r\nTorta abacaxi\r\nTorta alem\u00e3\r\nTorta baiana com fitas de coco\r\nTorta bauru ao forno\r\nTorta de abacaxi e coco\r\nTorta de banana\r\nTorta de castanha do Par\u00e1\r\nTorta de cenoura e palmito\r\nTorta de frango com creme tipo catupiry\r\nTorta de gelatina com frutas\r\nTorta de lim\u00e3o\u00a0\u00a0\u00a0\u00a0\u00a0\u00a0\u00a0\u00a0\u00a0\u00a0 \r\nTorta de ma\u00e7\u00e3\r\nTorta de maracuj\u00e1\r\nTorta de requeij\u00e3o\r\nTorta dois amores\r\nTorta floresta negra\r\nTorta italiana\r\nTorta mantese\r\nTorta sonho de valsa\r\nTorta suprema 68\r\nTorta surpresa\r\nTorta tenta\u00e7\u00e3o de morango\r\nTorta trufa cremosa<\/pre>\n<\/div>\n<\/div>\n<\/div>\n<\/div>\n<\/div>\n<\/section>\n","protected":false},"excerpt":{"rendered":"<p>Curso 100% presencial, aulas de segunda a quinta, dura\u00e7\u00e3o 4 semanas, bolos, tortas, doces e salgados para confeitaria, com certificado no t\u00e9rmino do curso.<\/p>\n","protected":false},"featured_media":11400,"comment_status":"open","ping_status":"closed","template":"","meta":{"_bbp_topic_count":0,"_bbp_reply_count":0,"_bbp_total_topic_count":0,"_bbp_total_reply_count":0,"_bbp_voice_count":0,"_bbp_anonymous_reply_count":0,"_bbp_topic_count_hidden":0,"_bbp_reply_count_hidden":0,"_bbp_forum_subforum_count":0,"pmpro_default_level":""},"product_cat":[143],"product_tag":[146,145,149,148,147],"_links":{"self":[{"href":"https:\/\/cursos.ruthjunqueira.org.br\/fh\/wp-json\/wp\/v2\/product\/9516"}],"collection":[{"href":"https:\/\/cursos.ruthjunqueira.org.br\/fh\/wp-json\/wp\/v2\/product"}],"about":[{"href":"https:\/\/cursos.ruthjunqueira.org.br\/fh\/wp-json\/wp\/v2\/types\/product"}],"replies":[{"embeddable":true,"href":"https:\/\/cursos.ruthjunqueira.org.br\/fh\/wp-json\/wp\/v2\/comments?post=9516"}],"wp:featuredmedia":[{"embeddable":true,"href":"https:\/\/cursos.ruthjunqueira.org.br\/fh\/wp-json\/wp\/v2\/media\/11400"}],"wp:attachment":[{"href":"https:\/\/cursos.ruthjunqueira.org.br\/fh\/wp-json\/wp\/v2\/media?parent=9516"}],"wp:term":[{"taxonomy":"product_cat","embeddable":true,"href":"https:\/\/cursos.ruthjunqueira.org.br\/fh\/wp-json\/wp\/v2\/product_cat?post=9516"},{"taxonomy":"product_tag","embeddable":true,"href":"https:\/\/cursos.ruthjunqueira.org.br\/fh\/wp-json\/wp\/v2\/product_tag?post=9516"}],"curies":[{"name":"wp","href":"https:\/\/api.w.org\/{rel}","templated":true}]}}