{"id":11508,"date":"2023-11-24T11:17:48","date_gmt":"2023-11-24T14:17:48","guid":{"rendered":"https:\/\/cursos.ruthjunqueira.org.br\/fh\/?post_type=product&#038;p=11508"},"modified":"2024-05-03T07:56:15","modified_gmt":"2024-05-03T10:56:15","slug":"informatica-word-excel-04-03-1400-as-1600","status":"publish","type":"product","link":"https:\/\/cursos.ruthjunqueira.org.br\/fh\/produto\/informatica-word-excel-04-03-1400-as-1600\/","title":{"rendered":"Inform\u00e1tica Word\/ Excel 04\/03 &#8211; 14:00 as 16:00"},"content":{"rendered":"<p>Conte\u00fado Word:<\/p>\n<pre>Conhecimento e pr\u00e1tica de documentos de alta qualidade e apresenta\u00e7\u00e3o:\r\nCaracter\u00edsticas e recursos do aplicativo, formata\u00e7\u00e3o de documentos, configura\u00e7\u00e3o de p\u00e1ginas,\r\ntipos de documentos, tipos de exibi\u00e7\u00e3o de p\u00e1gina, par\u00e1grafos, utiliza\u00e7\u00e3o de recursos gr\u00e1ficos,\r\ntextos colunados, utiliza\u00e7\u00e3o dos caracteres, cria\u00e7\u00e3o de estilo pr\u00f3prio para os documentos,\r\naprimoramento do documento, corre\u00e7\u00e3o autom\u00e1tica e verificador ortogr\u00e1fico,\r\ndefini\u00e7\u00e3o de cabe\u00e7alho e rodap\u00e9s, utiliza\u00e7\u00e3o de tabelas, realiza\u00e7\u00e3o de c\u00e1lculos, ordenamento de tabelas,\r\nvisualiza\u00e7\u00e3o de impress\u00e3o, figuras, cliparts, wordart, procura de palavras.<\/pre>\n<p>Conte\u00fado Excel:<\/p>\n<pre>Conhecimento e pr\u00e1tica nas fun\u00e7\u00f5es e utilit\u00e1rios do EXCEL 2013, caracter\u00edsticas, conceitos,\r\nutilidades do programa, controle de arquivo, planilha, fun\u00e7\u00f5es: soma, m\u00e9dia, m\u00e1ximo, m\u00ednimo cont.se,\r\nsomase, m\u00e9diase, procv, sub-totais, tabela din\u00e2mica, gr\u00e1ficos, auto filtro, classificar,\r\nformata\u00e7\u00e3o condicional, formatar como tabela, proteger planilha, congelar pain\u00e9is,\r\nauto preenchimento, estilos, l\u00f3gicas e estat\u00edsticas, formata\u00e7\u00e3o de c\u00e9lulas, colunas e linhas da planilha,\r\naltera\u00e7\u00e3o de nomes nas pastas de trabalho, verificador ortogr\u00e1fico, configura\u00e7\u00e3o do EXCEL 2013,\r\nclassifica\u00e7\u00e3o dos dados da planilha, utiliza\u00e7\u00e3o de filtros e formul\u00e1rios, cabe\u00e7alhos e rodap\u00e9s, gr\u00e1ficos, impress\u00e3o.<\/pre>\n","protected":false},"excerpt":{"rendered":"<p>Conte\u00fado Word: Conhecimento e pr\u00e1tica de documentos de alta qualidade e apresenta\u00e7\u00e3o: Caracter\u00edsticas e recursos do aplicativo, formata\u00e7\u00e3o de documentos, configura\u00e7\u00e3o de p\u00e1ginas, tipos de documentos, tipos de exibi\u00e7\u00e3o de p\u00e1gina, par\u00e1grafos, utiliza\u00e7\u00e3o de recursos gr\u00e1ficos, textos colunados, utiliza\u00e7\u00e3o dos &hellip; <\/p>\n","protected":false},"featured_media":11430,"comment_status":"open","ping_status":"closed","template":"","meta":{"_bbp_topic_count":0,"_bbp_reply_count":0,"_bbp_total_topic_count":0,"_bbp_total_reply_count":0,"_bbp_voice_count":0,"_bbp_anonymous_reply_count":0,"_bbp_topic_count_hidden":0,"_bbp_reply_count_hidden":0,"_bbp_forum_subforum_count":0,"pmpro_default_level":""},"product_cat":[239],"product_tag":[],"_links":{"self":[{"href":"https:\/\/cursos.ruthjunqueira.org.br\/fh\/wp-json\/wp\/v2\/product\/11508"}],"collection":[{"href":"https:\/\/cursos.ruthjunqueira.org.br\/fh\/wp-json\/wp\/v2\/product"}],"about":[{"href":"https:\/\/cursos.ruthjunqueira.org.br\/fh\/wp-json\/wp\/v2\/types\/product"}],"replies":[{"embeddable":true,"href":"https:\/\/cursos.ruthjunqueira.org.br\/fh\/wp-json\/wp\/v2\/comments?post=11508"}],"wp:featuredmedia":[{"embeddable":true,"href":"https:\/\/cursos.ruthjunqueira.org.br\/fh\/wp-json\/wp\/v2\/media\/11430"}],"wp:attachment":[{"href":"https:\/\/cursos.ruthjunqueira.org.br\/fh\/wp-json\/wp\/v2\/media?parent=11508"}],"wp:term":[{"taxonomy":"product_cat","embeddable":true,"href":"https:\/\/cursos.ruthjunqueira.org.br\/fh\/wp-json\/wp\/v2\/product_cat?post=11508"},{"taxonomy":"product_tag","embeddable":true,"href":"https:\/\/cursos.ruthjunqueira.org.br\/fh\/wp-json\/wp\/v2\/product_tag?post=11508"}],"curies":[{"name":"wp","href":"https:\/\/api.w.org\/{rel}","templated":true}]}}