{"id":11184,"date":"2023-09-13T16:07:21","date_gmt":"2023-09-13T19:07:21","guid":{"rendered":"https:\/\/cursos.ruthjunqueira.org.br\/fh\/?post_type=product&#038;p=11184"},"modified":"2024-05-23T08:11:25","modified_gmt":"2024-05-23T11:11:25","slug":"informatica-melhor-idade-02-10-1400-as-1600","status":"publish","type":"product","link":"https:\/\/cursos.ruthjunqueira.org.br\/fh\/produto\/informatica-melhor-idade-02-10-1400-as-1600\/","title":{"rendered":"Inform\u00e1tica Melhor Idade (sem data) 14:00 as 16:00"},"content":{"rendered":"<p>Curso de inform\u00e1tica b\u00e1sica para melhor idade<\/p>\n<p>Conhecer Windows 10, no\u00e7\u00f5es b\u00e1sicas de funcionamento da m\u00e1quina, proteger o computador, apar\u00eancia para as configura\u00e7\u00f5es, OnDrive; Windows Explorer, arquivos e pastas, digita\u00e7\u00e3o de textos, editor de texto word, introdu\u00e7\u00e3o \u00e0 internet, como funciona a internet, tipos de navegadores, Internet Explorer;<br \/>\nNavega\u00e7\u00e3o \u00e0s p\u00e1ginas, o que \u00e9 homepage, pesquisar na internet, op\u00e7\u00f5es da internet: p\u00e1gina inicial, hist\u00f3rico, e-mail, anexos em e-mail, encaminhar e-mail, organizar contatos, Outlook- configurar contas, calend\u00e1rio, redes sociais, instagram e facebook.<\/p>\n","protected":false},"excerpt":{"rendered":"<p>Curso de inform\u00e1tica b\u00e1sica para melhor idade<\/p>\n","protected":false},"featured_media":11185,"comment_status":"open","ping_status":"closed","template":"","meta":{"_bbp_topic_count":0,"_bbp_reply_count":0,"_bbp_total_topic_count":0,"_bbp_total_reply_count":0,"_bbp_voice_count":0,"_bbp_anonymous_reply_count":0,"_bbp_topic_count_hidden":0,"_bbp_reply_count_hidden":0,"_bbp_forum_subforum_count":0,"pmpro_default_level":""},"product_cat":[15],"product_tag":[238],"_links":{"self":[{"href":"https:\/\/cursos.ruthjunqueira.org.br\/fh\/wp-json\/wp\/v2\/product\/11184"}],"collection":[{"href":"https:\/\/cursos.ruthjunqueira.org.br\/fh\/wp-json\/wp\/v2\/product"}],"about":[{"href":"https:\/\/cursos.ruthjunqueira.org.br\/fh\/wp-json\/wp\/v2\/types\/product"}],"replies":[{"embeddable":true,"href":"https:\/\/cursos.ruthjunqueira.org.br\/fh\/wp-json\/wp\/v2\/comments?post=11184"}],"wp:featuredmedia":[{"embeddable":true,"href":"https:\/\/cursos.ruthjunqueira.org.br\/fh\/wp-json\/wp\/v2\/media\/11185"}],"wp:attachment":[{"href":"https:\/\/cursos.ruthjunqueira.org.br\/fh\/wp-json\/wp\/v2\/media?parent=11184"}],"wp:term":[{"taxonomy":"product_cat","embeddable":true,"href":"https:\/\/cursos.ruthjunqueira.org.br\/fh\/wp-json\/wp\/v2\/product_cat?post=11184"},{"taxonomy":"product_tag","embeddable":true,"href":"https:\/\/cursos.ruthjunqueira.org.br\/fh\/wp-json\/wp\/v2\/product_tag?post=11184"}],"curies":[{"name":"wp","href":"https:\/\/api.w.org\/{rel}","templated":true}]}}