{"id":10410,"date":"2022-08-10T14:03:17","date_gmt":"2022-08-10T17:03:17","guid":{"rendered":"https:\/\/cursos.ruthjunqueira.org.br\/fh\/?post_type=product&#038;p=10410"},"modified":"2025-04-14T03:04:31","modified_gmt":"2025-04-14T06:04:31","slug":"curso-panetones-31-10-1330-as-1730","status":"publish","type":"product","link":"https:\/\/cursos.ruthjunqueira.org.br\/fh\/produto\/curso-panetones-31-10-1330-as-1730\/","title":{"rendered":"Curso Panetones &#8211; sem data (13:30 \u00e0s 17:30)"},"content":{"rendered":"<p>Em breve descri\u00e7\u00e3o<\/p>\n","protected":false},"excerpt":{"rendered":"<p>Em breve descri\u00e7\u00e3o<\/p>\n","protected":false},"featured_media":10407,"comment_status":"open","ping_status":"closed","template":"","meta":{"_bbp_topic_count":0,"_bbp_reply_count":0,"_bbp_total_topic_count":0,"_bbp_total_reply_count":0,"_bbp_voice_count":0,"_bbp_anonymous_reply_count":0,"_bbp_topic_count_hidden":0,"_bbp_reply_count_hidden":0,"_bbp_forum_subforum_count":0,"pmpro_default_level":""},"product_cat":[143],"product_tag":[236,237],"_links":{"self":[{"href":"https:\/\/cursos.ruthjunqueira.org.br\/fh\/wp-json\/wp\/v2\/product\/10410"}],"collection":[{"href":"https:\/\/cursos.ruthjunqueira.org.br\/fh\/wp-json\/wp\/v2\/product"}],"about":[{"href":"https:\/\/cursos.ruthjunqueira.org.br\/fh\/wp-json\/wp\/v2\/types\/product"}],"replies":[{"embeddable":true,"href":"https:\/\/cursos.ruthjunqueira.org.br\/fh\/wp-json\/wp\/v2\/comments?post=10410"}],"wp:featuredmedia":[{"embeddable":true,"href":"https:\/\/cursos.ruthjunqueira.org.br\/fh\/wp-json\/wp\/v2\/media\/10407"}],"wp:attachment":[{"href":"https:\/\/cursos.ruthjunqueira.org.br\/fh\/wp-json\/wp\/v2\/media?parent=10410"}],"wp:term":[{"taxonomy":"product_cat","embeddable":true,"href":"https:\/\/cursos.ruthjunqueira.org.br\/fh\/wp-json\/wp\/v2\/product_cat?post=10410"},{"taxonomy":"product_tag","embeddable":true,"href":"https:\/\/cursos.ruthjunqueira.org.br\/fh\/wp-json\/wp\/v2\/product_tag?post=10410"}],"curies":[{"name":"wp","href":"https:\/\/api.w.org\/{rel}","templated":true}]}}