{"id":10088,"date":"2022-04-18T19:15:51","date_gmt":"2022-04-18T22:15:51","guid":{"rendered":"https:\/\/cursos.ruthjunqueira.org.br\/fh\/?post_type=product&#038;p=10088"},"modified":"2026-05-01T00:57:25","modified_gmt":"2026-05-01T03:57:25","slug":"eletricista-instalador","status":"publish","type":"product","link":"https:\/\/cursos.ruthjunqueira.org.br\/fh\/produto\/eletricista-instalador\/","title":{"rendered":"Eletricista Instalador sem data &#8211; 18:30 AS 22:00"},"content":{"rendered":"<div class=\"xdj266r x11i5rnm xat24cr x1mh8g0r x1vvkbs x126k92a\">\n<div dir=\"auto\">CURSO DE ELETRICISTA INSTALADOR &#8211; AULAS PRESENCIAIS E PR\u00c1TICAS<\/div>\n<div dir=\"auto\"><\/div>\n<div dir=\"auto\">O curso ensina os fundamentos do trabalho de instala\u00e7\u00e3o el\u00e9trica com certificado para o mercado de trabalho.<\/div>\n<div dir=\"auto\">A forma\u00e7\u00e3o abrange conhecimentos pr\u00e1ticos e te\u00f3ricos que lhe permitem entrar no mercado de trabalho na \u00e1rea da instala\u00e7\u00e3o el\u00e9trica predial ou residencial, capacitando voc\u00ea para o mercado de trabalho.<\/div>\n<div dir=\"auto\"><\/div>\n<div dir=\"auto\">O treinamento inclui duas partes \u2013 te\u00f3rica e pr\u00e1tica. Cada parte \u00e9 dividida em v\u00e1rias aulas. Cada aula requer participa\u00e7\u00e3o ativa, para que voc\u00ea possa aprender fazendo.<\/div>\n<\/div>\n","protected":false},"excerpt":{"rendered":"<div dir=\"auto\">CURSO DE ELETRICISTA INSTALADOR &#8211; AULAS PRESENCIAIS E PR\u00c1TICAS<\/div>\n<div dir=\"auto\"><\/div>\n<div dir=\"auto\">O curso ensina os fundamentos do trabalho de instala\u00e7\u00e3o el\u00e9trica com certificado para o mercado de trabalho.<\/div>\n<div dir=\"auto\">A forma\u00e7\u00e3o abrange conhecimentos pr\u00e1ticos e te\u00f3ricos que lhe permitem entrar no mercado de trabalho na \u00e1rea da instala\u00e7\u00e3o el\u00e9trica predial ou residencial, capacitando voc\u00ea para o mercado de trabalho.<\/div>\n<div dir=\"auto\"><\/div>\n<div dir=\"auto\">O treinamento inclui duas partes \u2013 te\u00f3rica e pr\u00e1tica. Cada parte \u00e9 dividida em v\u00e1rias aulas. Cada aula requer participa\u00e7\u00e3o ativa, para que voc\u00ea possa aprender fazendo.<\/div>\n","protected":false},"featured_media":11703,"comment_status":"open","ping_status":"closed","template":"","meta":{"_bbp_topic_count":0,"_bbp_reply_count":0,"_bbp_total_topic_count":0,"_bbp_total_reply_count":0,"_bbp_voice_count":0,"_bbp_anonymous_reply_count":0,"_bbp_topic_count_hidden":0,"_bbp_reply_count_hidden":0,"_bbp_forum_subforum_count":0,"pmpro_default_level":""},"product_cat":[230],"product_tag":[233,231,232],"_links":{"self":[{"href":"https:\/\/cursos.ruthjunqueira.org.br\/fh\/wp-json\/wp\/v2\/product\/10088"}],"collection":[{"href":"https:\/\/cursos.ruthjunqueira.org.br\/fh\/wp-json\/wp\/v2\/product"}],"about":[{"href":"https:\/\/cursos.ruthjunqueira.org.br\/fh\/wp-json\/wp\/v2\/types\/product"}],"replies":[{"embeddable":true,"href":"https:\/\/cursos.ruthjunqueira.org.br\/fh\/wp-json\/wp\/v2\/comments?post=10088"}],"wp:featuredmedia":[{"embeddable":true,"href":"https:\/\/cursos.ruthjunqueira.org.br\/fh\/wp-json\/wp\/v2\/media\/11703"}],"wp:attachment":[{"href":"https:\/\/cursos.ruthjunqueira.org.br\/fh\/wp-json\/wp\/v2\/media?parent=10088"}],"wp:term":[{"taxonomy":"product_cat","embeddable":true,"href":"https:\/\/cursos.ruthjunqueira.org.br\/fh\/wp-json\/wp\/v2\/product_cat?post=10088"},{"taxonomy":"product_tag","embeddable":true,"href":"https:\/\/cursos.ruthjunqueira.org.br\/fh\/wp-json\/wp\/v2\/product_tag?post=10088"}],"curies":[{"name":"wp","href":"https:\/\/api.w.org\/{rel}","templated":true}]}}