{"id":11712,"date":"2024-04-17T14:07:43","date_gmt":"2024-04-17T17:07:43","guid":{"rendered":"https:\/\/cursos.ruthjunqueira.org.br\/fh\/?page_id=11712"},"modified":"2024-05-14T10:00:10","modified_gmt":"2024-05-14T13:00:10","slug":"corte-masculino","status":"publish","type":"page","link":"https:\/\/cursos.ruthjunqueira.org.br\/fh\/corte-masculino\/","title":{"rendered":"Corte Masculino Tradicional"},"content":{"rendered":"\t\t<div data-elementor-type=\"wp-page\" data-elementor-id=\"11712\" class=\"elementor elementor-11712\">\n\t\t\t\t\t\t\t\t\t<section class=\"elementor-section elementor-top-section elementor-element elementor-element-9e2a767 elementor-section-boxed elementor-section-height-default elementor-section-height-default\" data-id=\"9e2a767\" data-element_type=\"section\">\n\t\t\t\t\t\t<div class=\"elementor-container elementor-column-gap-default\">\n\t\t\t\t\t<div class=\"elementor-column elementor-col-100 elementor-top-column elementor-element elementor-element-5b89392\" data-id=\"5b89392\" data-element_type=\"column\">\n\t\t\t<div class=\"elementor-widget-wrap elementor-element-populated\">\n\t\t\t\t\t\t\t\t<div class=\"elementor-element elementor-element-c59bfe0 elementor-widget elementor-widget-heading\" data-id=\"c59bfe0\" data-element_type=\"widget\" data-widget_type=\"heading.default\">\n\t\t\t\t<div class=\"elementor-widget-container\">\n\t\t\t<style>\/*! elementor - v3.18.0 - 08-12-2023 *\/\n.elementor-heading-title{padding:0;margin:0;line-height:1}.elementor-widget-heading .elementor-heading-title[class*=elementor-size-]>a{color:inherit;font-size:inherit;line-height:inherit}.elementor-widget-heading .elementor-heading-title.elementor-size-small{font-size:15px}.elementor-widget-heading .elementor-heading-title.elementor-size-medium{font-size:19px}.elementor-widget-heading .elementor-heading-title.elementor-size-large{font-size:29px}.elementor-widget-heading .elementor-heading-title.elementor-size-xl{font-size:39px}.elementor-widget-heading .elementor-heading-title.elementor-size-xxl{font-size:59px}<\/style><h3 class=\"elementor-heading-title elementor-size-default\">Programa\u00e7\u00e3o - Cabeleireiro Corte Masculino Tradicional<\/h3>\t\t<\/div>\n\t\t\t\t<\/div>\n\t\t\t\t\t<\/div>\n\t\t<\/div>\n\t\t\t\t\t\t\t<\/div>\n\t\t<\/section>\n\t\t\t\t<section class=\"elementor-section elementor-top-section elementor-element elementor-element-bc34a84 elementor-section-boxed elementor-section-height-default elementor-section-height-default\" data-id=\"bc34a84\" data-element_type=\"section\">\n\t\t\t\t\t\t<div class=\"elementor-container elementor-column-gap-default\">\n\t\t\t\t\t<div class=\"elementor-column elementor-col-100 elementor-top-column elementor-element elementor-element-d752a35\" data-id=\"d752a35\" data-element_type=\"column\">\n\t\t\t<div class=\"elementor-widget-wrap\">\n\t\t\t\t\t\t\t\t\t<\/div>\n\t\t<\/div>\n\t\t\t\t\t\t\t<\/div>\n\t\t<\/section>\n\t\t\t\t<section class=\"elementor-section elementor-top-section elementor-element elementor-element-d643157 elementor-section-boxed elementor-section-height-default elementor-section-height-default\" data-id=\"d643157\" data-element_type=\"section\">\n\t\t\t\t\t\t<div class=\"elementor-container elementor-column-gap-default\">\n\t\t\t\t\t<div class=\"elementor-column elementor-col-100 elementor-top-column elementor-element elementor-element-230d397\" data-id=\"230d397\" data-element_type=\"column\">\n\t\t\t<div class=\"elementor-widget-wrap elementor-element-populated\">\n\t\t\t\t\t\t\t\t<div class=\"elementor-element elementor-element-7ed07d1 elementor-widget-divider--view-line elementor-widget elementor-widget-divider\" data-id=\"7ed07d1\" data-element_type=\"widget\" data-widget_type=\"divider.default\">\n\t\t\t\t<div class=\"elementor-widget-container\">\n\t\t\t<style>\/*! elementor - v3.18.0 - 08-12-2023 *\/\n.elementor-widget-divider{--divider-border-style:none;--divider-border-width:1px;--divider-color:#0c0d0e;--divider-icon-size:20px;--divider-element-spacing:10px;--divider-pattern-height:24px;--divider-pattern-size:20px;--divider-pattern-url:none;--divider-pattern-repeat:repeat-x}.elementor-widget-divider .elementor-divider{display:flex}.elementor-widget-divider .elementor-divider__text{font-size:15px;line-height:1;max-width:95%}.elementor-widget-divider .elementor-divider__element{margin:0 var(--divider-element-spacing);flex-shrink:0}.elementor-widget-divider .elementor-icon{font-size:var(--divider-icon-size)}.elementor-widget-divider .elementor-divider-separator{display:flex;margin:0;direction:ltr}.elementor-widget-divider--view-line_icon .elementor-divider-separator,.elementor-widget-divider--view-line_text .elementor-divider-separator{align-items:center}.elementor-widget-divider--view-line_icon .elementor-divider-separator:after,.elementor-widget-divider--view-line_icon .elementor-divider-separator:before,.elementor-widget-divider--view-line_text .elementor-divider-separator:after,.elementor-widget-divider--view-line_text .elementor-divider-separator:before{display:block;content:\"\";border-bottom:0;flex-grow:1;border-top:var(--divider-border-width) var(--divider-border-style) var(--divider-color)}.elementor-widget-divider--element-align-left .elementor-divider .elementor-divider-separator>.elementor-divider__svg:first-of-type{flex-grow:0;flex-shrink:100}.elementor-widget-divider--element-align-left .elementor-divider-separator:before{content:none}.elementor-widget-divider--element-align-left .elementor-divider__element{margin-left:0}.elementor-widget-divider--element-align-right .elementor-divider .elementor-divider-separator>.elementor-divider__svg:last-of-type{flex-grow:0;flex-shrink:100}.elementor-widget-divider--element-align-right .elementor-divider-separator:after{content:none}.elementor-widget-divider--element-align-right .elementor-divider__element{margin-right:0}.elementor-widget-divider:not(.elementor-widget-divider--view-line_text):not(.elementor-widget-divider--view-line_icon) .elementor-divider-separator{border-top:var(--divider-border-width) var(--divider-border-style) var(--divider-color)}.elementor-widget-divider--separator-type-pattern{--divider-border-style:none}.elementor-widget-divider--separator-type-pattern.elementor-widget-divider--view-line .elementor-divider-separator,.elementor-widget-divider--separator-type-pattern:not(.elementor-widget-divider--view-line) .elementor-divider-separator:after,.elementor-widget-divider--separator-type-pattern:not(.elementor-widget-divider--view-line) .elementor-divider-separator:before,.elementor-widget-divider--separator-type-pattern:not([class*=elementor-widget-divider--view]) .elementor-divider-separator{width:100%;min-height:var(--divider-pattern-height);-webkit-mask-size:var(--divider-pattern-size) 100%;mask-size:var(--divider-pattern-size) 100%;-webkit-mask-repeat:var(--divider-pattern-repeat);mask-repeat:var(--divider-pattern-repeat);background-color:var(--divider-color);-webkit-mask-image:var(--divider-pattern-url);mask-image:var(--divider-pattern-url)}.elementor-widget-divider--no-spacing{--divider-pattern-size:auto}.elementor-widget-divider--bg-round{--divider-pattern-repeat:round}.rtl .elementor-widget-divider .elementor-divider__text{direction:rtl}.e-con-inner>.elementor-widget-divider,.e-con>.elementor-widget-divider{width:var(--container-widget-width,100%);--flex-grow:var(--container-widget-flex-grow)}<\/style>\t\t<div class=\"elementor-divider\">\n\t\t\t<span class=\"elementor-divider-separator\">\n\t\t\t\t\t\t<\/span>\n\t\t<\/div>\n\t\t\t\t<\/div>\n\t\t\t\t<\/div>\n\t\t\t\t\t<\/div>\n\t\t<\/div>\n\t\t\t\t\t\t\t<\/div>\n\t\t<\/section>\n\t\t\t\t<section class=\"elementor-section elementor-top-section elementor-element elementor-element-6627153 elementor-section-boxed elementor-section-height-default elementor-section-height-default\" data-id=\"6627153\" data-element_type=\"section\">\n\t\t\t\t\t\t<div class=\"elementor-container elementor-column-gap-default\">\n\t\t\t\t\t<div class=\"elementor-column elementor-col-100 elementor-top-column elementor-element elementor-element-77fed9f\" data-id=\"77fed9f\" data-element_type=\"column\" data-settings=\"{&quot;background_background&quot;:&quot;classic&quot;}\">\n\t\t\t<div class=\"elementor-widget-wrap elementor-element-populated\">\n\t\t\t\t\t\t\t\t<div class=\"elementor-element elementor-element-d628458 elementor-widget elementor-widget-text-editor\" data-id=\"d628458\" data-element_type=\"widget\" data-widget_type=\"text-editor.default\">\n\t\t\t\t<div class=\"elementor-widget-container\">\n\t\t\t<style>\/*! elementor - v3.18.0 - 08-12-2023 *\/\n.elementor-widget-text-editor.elementor-drop-cap-view-stacked .elementor-drop-cap{background-color:#69727d;color:#fff}.elementor-widget-text-editor.elementor-drop-cap-view-framed .elementor-drop-cap{color:#69727d;border:3px solid;background-color:transparent}.elementor-widget-text-editor:not(.elementor-drop-cap-view-default) .elementor-drop-cap{margin-top:8px}.elementor-widget-text-editor:not(.elementor-drop-cap-view-default) .elementor-drop-cap-letter{width:1em;height:1em}.elementor-widget-text-editor .elementor-drop-cap{float:left;text-align:center;line-height:1;font-size:50px}.elementor-widget-text-editor .elementor-drop-cap-letter{display:inline-block}<\/style>\t\t\t\t<h5>Informa\u00e7\u00f5es em breve!<\/h5>\n<h5><span style=\"color: rgb(255, 255, 255); font-family: var( --e-global-typography-text-font-family ), Sans-serif; font-weight: var( --e-global-typography-text-font-weight ); font-size: var(--thim-font-body-font-size);\">Turma 1 09:00 \u00e0s 12:00<\/span><br><\/h5>\n<div>\n<p><span style=\"font-family: var( --e-global-typography-text-font-family ), Sans-serif; font-weight: var( --e-global-typography-text-font-weight ); font-size: var(--thim-font-body-font-size);\">Obs: Est\u00e1 previs\u00e3o de turma poder\u00e1 sofrer altera\u00e7\u00f5e<\/span><\/p>\n<\/div>\t\t\t\t\t\t<\/div>\n\t\t\t\t<\/div>\n\t\t\t\t\t<\/div>\n\t\t<\/div>\n\t\t\t\t\t\t\t<\/div>\n\t\t<\/section>\n\t\t\t\t<section class=\"elementor-section elementor-top-section elementor-element elementor-element-a5f8485 elementor-section-boxed elementor-section-height-default elementor-section-height-default\" data-id=\"a5f8485\" data-element_type=\"section\">\n\t\t\t\t\t\t<div class=\"elementor-container elementor-column-gap-default\">\n\t\t\t\t\t<div class=\"elementor-column elementor-col-100 elementor-top-column elementor-element elementor-element-3b1b06c\" data-id=\"3b1b06c\" data-element_type=\"column\">\n\t\t\t<div class=\"elementor-widget-wrap elementor-element-populated\">\n\t\t\t\t\t\t\t\t<div class=\"elementor-element elementor-element-f08564d elementor-widget-divider--view-line elementor-widget elementor-widget-divider\" data-id=\"f08564d\" data-element_type=\"widget\" data-widget_type=\"divider.default\">\n\t\t\t\t<div class=\"elementor-widget-container\">\n\t\t\t\t\t<div class=\"elementor-divider\">\n\t\t\t<span class=\"elementor-divider-separator\">\n\t\t\t\t\t\t<\/span>\n\t\t<\/div>\n\t\t\t\t<\/div>\n\t\t\t\t<\/div>\n\t\t\t\t\t<\/div>\n\t\t<\/div>\n\t\t\t\t\t\t\t<\/div>\n\t\t<\/section>\n\t\t\t\t<section class=\"elementor-section elementor-top-section elementor-element elementor-element-34b1598 elementor-section-boxed elementor-section-height-default elementor-section-height-default\" data-id=\"34b1598\" data-element_type=\"section\">\n\t\t\t\t\t\t<div class=\"elementor-container elementor-column-gap-default\">\n\t\t\t\t\t<div class=\"elementor-column elementor-col-100 elementor-top-column elementor-element elementor-element-c62a9a8\" data-id=\"c62a9a8\" data-element_type=\"column\">\n\t\t\t<div class=\"elementor-widget-wrap elementor-element-populated\">\n\t\t\t\t\t\t\t\t<div class=\"elementor-element elementor-element-60c0f32 elementor-widget elementor-widget-heading\" data-id=\"60c0f32\" data-element_type=\"widget\" data-widget_type=\"heading.default\">\n\t\t\t\t<div class=\"elementor-widget-container\">\n\t\t\t<h2 class=\"elementor-heading-title elementor-size-default\">Conte\u00fado do curso:<\/h2>\t\t<\/div>\n\t\t\t\t<\/div>\n\t\t\t\t\t<\/div>\n\t\t<\/div>\n\t\t\t\t\t\t\t<\/div>\n\t\t<\/section>\n\t\t\t\t<section class=\"elementor-section elementor-top-section elementor-element elementor-element-c73579f elementor-section-boxed elementor-section-height-default elementor-section-height-default\" data-id=\"c73579f\" data-element_type=\"section\">\n\t\t\t\t\t\t<div class=\"elementor-container elementor-column-gap-default\">\n\t\t\t\t\t<div class=\"elementor-column elementor-col-100 elementor-top-column elementor-element elementor-element-71117d0\" data-id=\"71117d0\" data-element_type=\"column\">\n\t\t\t<div class=\"elementor-widget-wrap elementor-element-populated\">\n\t\t\t\t\t\t\t\t<div class=\"elementor-element elementor-element-45e97de elementor-widget elementor-widget-text-editor\" data-id=\"45e97de\" data-element_type=\"widget\" data-widget_type=\"text-editor.default\">\n\t\t\t\t<div class=\"elementor-widget-container\">\n\t\t\t\t\t\t\t<p>No\u00e7\u00f5es de rela\u00e7\u00f5es humanas e \u00e9tica profissional;<\/p><p><span style=\"font-family: var( --e-global-typography-text-font-family ), Sans-serif; font-size: var(--thim-font-body-font-size); font-weight: var( --e-global-typography-text-font-weight );\">Tipos de mercado de trabalho em que poder\u00e1 exercer a fun\u00e7\u00e3o;<\/span><\/p><p>No\u00e7\u00f5es pertinentes \u00e0 seguran\u00e7a no trabalho;<\/p><p>Higiene e postura;<\/p><p>Identifica\u00e7\u00e3o e preparo do equipamento e material;<\/p><p>Tipos de cabelos e t\u00e9cnicas de lavagem;<\/p><p>T\u00e9cnicas de tratamento de cabelos (massagem, \u00f3leos e cremes);<\/p><p>Corte de cabelo \u00e0 tesoura e m\u00e1quina;<\/p><p>Tipos de cortes<\/p>\t\t\t\t\t\t<\/div>\n\t\t\t\t<\/div>\n\t\t\t\t\t<\/div>\n\t\t<\/div>\n\t\t\t\t\t\t\t<\/div>\n\t\t<\/section>\n\t\t\t\t<section class=\"elementor-section elementor-top-section elementor-element elementor-element-9a31f5d elementor-section-boxed elementor-section-height-default elementor-section-height-default\" data-id=\"9a31f5d\" data-element_type=\"section\">\n\t\t\t\t\t\t<div class=\"elementor-container elementor-column-gap-default\">\n\t\t\t\t\t<div class=\"elementor-column elementor-col-50 elementor-top-column elementor-element elementor-element-45418fc\" data-id=\"45418fc\" data-element_type=\"column\">\n\t\t\t<div class=\"elementor-widget-wrap elementor-element-populated\">\n\t\t\t\t\t\t\t\t<div class=\"elementor-element elementor-element-361e59d elementor-widget elementor-widget-heading\" data-id=\"361e59d\" data-element_type=\"widget\" data-widget_type=\"heading.default\">\n\t\t\t\t<div class=\"elementor-widget-container\">\n\t\t\t<h2 class=\"elementor-heading-title elementor-size-default\">Fa\u00e7a sua matr\u00edcula!<\/h2>\t\t<\/div>\n\t\t\t\t<\/div>\n\t\t\t\t\t<\/div>\n\t\t<\/div>\n\t\t\t\t<div class=\"elementor-column elementor-col-50 elementor-top-column elementor-element elementor-element-42954c6\" data-id=\"42954c6\" data-element_type=\"column\">\n\t\t\t<div class=\"elementor-widget-wrap elementor-element-populated\">\n\t\t\t\t\t\t\t\t<div class=\"elementor-element elementor-element-109110c elementor-widget elementor-widget-button\" data-id=\"109110c\" data-element_type=\"widget\" data-widget_type=\"button.default\">\n\t\t\t\t<div class=\"elementor-widget-container\">\n\t\t\t\t\t<div class=\"elementor-button-wrapper\">\n\t\t\t<a class=\"elementor-button elementor-button-link elementor-size-sm\" href=\"https:\/\/cursos.ruthjunqueira.org.br\/fh\/shop\/\">\n\t\t\t\t\t\t<span class=\"elementor-button-content-wrapper\">\n\t\t\t\t\t\t<span class=\"elementor-button-text\">Clique aqui<\/span>\n\t\t<\/span>\n\t\t\t\t\t<\/a>\n\t\t<\/div>\n\t\t\t\t<\/div>\n\t\t\t\t<\/div>\n\t\t\t\t\t<\/div>\n\t\t<\/div>\n\t\t\t\t\t\t\t<\/div>\n\t\t<\/section>\n\t\t\t\t<section class=\"elementor-section elementor-top-section elementor-element elementor-element-f20fc36 elementor-section-boxed elementor-section-height-default elementor-section-height-default\" data-id=\"f20fc36\" data-element_type=\"section\">\n\t\t\t\t\t\t<div class=\"elementor-container elementor-column-gap-default\">\n\t\t\t\t\t<div class=\"elementor-column elementor-col-50 elementor-top-column elementor-element elementor-element-a303d87\" data-id=\"a303d87\" data-element_type=\"column\">\n\t\t\t<div class=\"elementor-widget-wrap elementor-element-populated\">\n\t\t\t\t\t\t\t\t<div class=\"elementor-element elementor-element-c621363 elementor-grid-1 elementor-grid-tablet-3 elementor-grid-mobile-2 elementor-products-grid elementor-wc-products elementor-widget elementor-widget-woocommerce-products\" data-id=\"c621363\" data-element_type=\"widget\" data-widget_type=\"woocommerce-products.default\">\n\t\t\t\t<div class=\"elementor-widget-container\">\n\t\t\t<div class=\"woocommerce columns-1 \"><ul class=\"product-grid columns-1\">\n<li class=\"pmpro-has-access product type-product post-11707 status-publish first outofstock product_cat-sem-categoria product_tag-cabelo-masculino product_tag-corte-masculino product_tag-corte-tradicional product_tag-masculino has-post-thumbnail sale shipping-taxable purchasable product-type-simple\">\n\t\t\t<div class=\"content__product\">\n\t\t\t\t\t\t<div class=\"product_thumb\">\n\t\t\t\t\n\t<span class=\"onsale\">Oferta!<\/span>\n\t<img fetchpriority=\"high\" decoding=\"async\" width=\"300\" height=\"300\" src=\"https:\/\/cursos.ruthjunqueira.org.br\/fh\/wp-content\/uploads\/2024\/04\/90-300x300.png\" class=\"attachment-woocommerce_thumbnail size-woocommerce_thumbnail\" alt=\"\" srcset=\"https:\/\/cursos.ruthjunqueira.org.br\/fh\/wp-content\/uploads\/2024\/04\/90-300x300.png 300w, https:\/\/cursos.ruthjunqueira.org.br\/fh\/wp-content\/uploads\/2024\/04\/90-1024x1024.png 1024w, https:\/\/cursos.ruthjunqueira.org.br\/fh\/wp-content\/uploads\/2024\/04\/90-150x150.png 150w, https:\/\/cursos.ruthjunqueira.org.br\/fh\/wp-content\/uploads\/2024\/04\/90-768x768.png 768w, https:\/\/cursos.ruthjunqueira.org.br\/fh\/wp-content\/uploads\/2024\/04\/90-600x600.png 600w, https:\/\/cursos.ruthjunqueira.org.br\/fh\/wp-content\/uploads\/2024\/04\/90-100x100.png 100w, https:\/\/cursos.ruthjunqueira.org.br\/fh\/wp-content\/uploads\/2024\/04\/90.png 1080w\" sizes=\"(max-width: 300px) 100vw, 300px\" \/>\t\t\t\t<div class=\"quick-view\" data-prod=\"11707\"><a href=\"javascript:;\"><i class=\"tk tk-eye fa-fw\"><\/i><\/a><\/div>\t\t\t\t<a href=\"https:\/\/cursos.ruthjunqueira.org.br\/fh\/produto\/cabeleireiro-corte-masculino-tradicional\/\" class=\"link-images-product\"><\/a>\n\t\t\t<\/div>\n\t\t\t<div class=\"product__title\">\n\t\t\t\t<a href=\"https:\/\/cursos.ruthjunqueira.org.br\/fh\/produto\/cabeleireiro-corte-masculino-tradicional\/\" class=\"title\">Cabeleireiro &#8211; Corte masculino tradicional &#8211; sem data<\/a>\n\n\t\t\t\t<div class=\"block-after-title\">\n\t\t\t\t\t\n\t<span class=\"price\"><del aria-hidden=\"true\"><span class=\"woocommerce-Price-amount amount\"><bdi><span class=\"woocommerce-Price-currencySymbol\">&#82;&#36;<\/span>1.250,00<\/bdi><\/span><\/del> <span class=\"screen-reader-text\">Original price was: &#082;&#036;1.250,00.<\/span><ins aria-hidden=\"true\"><span class=\"woocommerce-Price-amount amount\"><bdi><span class=\"woocommerce-Price-currencySymbol\">&#82;&#36;<\/span>900,00<\/bdi><\/span><\/ins><span class=\"screen-reader-text\">Current price is: &#082;&#036;900,00.<\/span><\/span>\n\t\t\t\t<\/div>\n\t\t\t\t<div class=\"description\">\n\t\t\t\t\t<p>em breve<\/p>\n\t\t\t\t<\/div>\n\t\t\t\t<\/a><a href=\"https:\/\/cursos.ruthjunqueira.org.br\/fh\/produto\/cabeleireiro-corte-masculino-tradicional\/\" aria-describedby=\"woocommerce_loop_add_to_cart_link_describedby_11707\" data-quantity=\"1\" class=\"button product_type_simple\" data-product_id=\"11707\" data-product_sku=\"cortecabelomasculino\" aria-label=\"Leia mais sobre &ldquo;Cabeleireiro - Corte masculino tradicional - sem data&rdquo;\" rel=\"nofollow\" data-product_name=\"Cabeleireiro - Corte masculino tradicional - sem data\" data-price=\"900.00\">Leia mais<\/a><span id=\"woocommerce_loop_add_to_cart_link_describedby_11707\" class=\"screen-reader-text\">\n\t<\/span>\n\t\t\t<\/div>\n\t\t<\/div>\n\t<\/li>\n<\/ul>\n<\/div>\t\t<\/div>\n\t\t\t\t<\/div>\n\t\t\t\t\t<\/div>\n\t\t<\/div>\n\t\t\t\t<div class=\"elementor-column elementor-col-50 elementor-top-column elementor-element elementor-element-e83cd25\" data-id=\"e83cd25\" data-element_type=\"column\">\n\t\t\t<div class=\"elementor-widget-wrap elementor-element-populated\">\n\t\t\t\t\t\t\t\t<div class=\"elementor-element elementor-element-8a0118d elementor-grid-1 elementor-grid-tablet-3 elementor-grid-mobile-2 elementor-products-grid elementor-wc-products elementor-widget elementor-widget-woocommerce-products\" data-id=\"8a0118d\" data-element_type=\"widget\" data-widget_type=\"woocommerce-products.default\">\n\t\t\t\t<div class=\"elementor-widget-container\">\n\t\t\t<div class=\"woocommerce columns-1 \"><ul class=\"product-grid columns-1\">\n<li class=\"pmpro-has-access product type-product post-9552 status-publish first outofstock product_cat-beleza product_tag-cabeleireiro product_tag-cabelo product_tag-escova product_tag-escovas product_tag-hidratacao product_tag-penteados product_tag-tintura has-post-thumbnail sale virtual purchasable product-type-simple\">\n\t\t\t<div class=\"content__product\">\n\t\t\t\t\t\t<div class=\"product_thumb\">\n\t\t\t\t\n\t<span class=\"onsale\">Oferta!<\/span>\n\t<img decoding=\"async\" width=\"300\" height=\"300\" src=\"https:\/\/cursos.ruthjunqueira.org.br\/fh\/wp-content\/uploads\/2023\/11\/12-300x300.png\" class=\"attachment-woocommerce_thumbnail size-woocommerce_thumbnail\" alt=\"\" srcset=\"https:\/\/cursos.ruthjunqueira.org.br\/fh\/wp-content\/uploads\/2023\/11\/12-300x300.png 300w, https:\/\/cursos.ruthjunqueira.org.br\/fh\/wp-content\/uploads\/2023\/11\/12-1024x1024.png 1024w, https:\/\/cursos.ruthjunqueira.org.br\/fh\/wp-content\/uploads\/2023\/11\/12-150x150.png 150w, https:\/\/cursos.ruthjunqueira.org.br\/fh\/wp-content\/uploads\/2023\/11\/12-768x768.png 768w, https:\/\/cursos.ruthjunqueira.org.br\/fh\/wp-content\/uploads\/2023\/11\/12-600x600.png 600w, https:\/\/cursos.ruthjunqueira.org.br\/fh\/wp-content\/uploads\/2023\/11\/12-100x100.png 100w, https:\/\/cursos.ruthjunqueira.org.br\/fh\/wp-content\/uploads\/2023\/11\/12-32x32.png 32w, https:\/\/cursos.ruthjunqueira.org.br\/fh\/wp-content\/uploads\/2023\/11\/12.png 1080w\" sizes=\"(max-width: 300px) 100vw, 300px\" \/>\t\t\t\t<div class=\"quick-view\" data-prod=\"9552\"><a href=\"javascript:;\"><i class=\"tk tk-eye fa-fw\"><\/i><\/a><\/div>\t\t\t\t<a href=\"https:\/\/cursos.ruthjunqueira.org.br\/fh\/produto\/cabeleireiro-1330-as-1730\/\" class=\"link-images-product\"><\/a>\n\t\t\t<\/div>\n\t\t\t<div class=\"product__title\">\n\t\t\t\t<a href=\"https:\/\/cursos.ruthjunqueira.org.br\/fh\/produto\/cabeleireiro-1330-as-1730\/\" class=\"title\">Cabeleireiro (sem data) &#8211; 13:30 \u00e0s 17:30<\/a>\n\n\t\t\t\t<div class=\"block-after-title\">\n\t\t\t\t\t\n\t<span class=\"price\"><del aria-hidden=\"true\"><span class=\"woocommerce-Price-amount amount\"><bdi><span class=\"woocommerce-Price-currencySymbol\">&#82;&#36;<\/span>1.350,00<\/bdi><\/span><\/del> <span class=\"screen-reader-text\">Original price was: &#082;&#036;1.350,00.<\/span><ins aria-hidden=\"true\"><span class=\"woocommerce-Price-amount amount\"><bdi><span class=\"woocommerce-Price-currencySymbol\">&#82;&#36;<\/span>900,00<\/bdi><\/span><\/ins><span class=\"screen-reader-text\">Current price is: &#082;&#036;900,00.<\/span><\/span>\n<div class=\"star-rating\" role=\"img\" aria-label=\"Avalia\u00e7\u00e3o 5.00 de 5\"><span style=\"width:100%\">Avalia\u00e7\u00e3o <strong class=\"rating\">5.00<\/strong> de 5<\/span><\/div>\t\t\t\t<\/div>\n\t\t\t\t<div class=\"description\">\n\t\t\t\t\t<p>Curso 100% presencial, aulas de segunda a sexta, dura\u00e7\u00e3o 6 semanas , com certificado no t\u00e9rmino do curso.<\/p>\n\t\t\t\t<\/div>\n\t\t\t\t<\/a><a href=\"https:\/\/cursos.ruthjunqueira.org.br\/fh\/produto\/cabeleireiro-1330-as-1730\/\" aria-describedby=\"woocommerce_loop_add_to_cart_link_describedby_9552\" data-quantity=\"1\" class=\"button product_type_simple\" data-product_id=\"9552\" data-product_sku=\"skucabelotarde\" aria-label=\"Leia mais sobre &ldquo;Cabeleireiro (sem data) - 13:30 \u00e0s 17:30&rdquo;\" rel=\"nofollow\" data-product_name=\"Cabeleireiro (sem data) - 13:30 \u00e0s 17:30\" data-price=\"900.00\">Leia mais<\/a><span id=\"woocommerce_loop_add_to_cart_link_describedby_9552\" class=\"screen-reader-text\">\n\t<\/span>\n\t\t\t<\/div>\n\t\t<\/div>\n\t<\/li>\n<\/ul>\n<\/div>\t\t<\/div>\n\t\t\t\t<\/div>\n\t\t\t\t\t<\/div>\n\t\t<\/div>\n\t\t\t\t\t\t\t<\/div>\n\t\t<\/section>\n\t\t\t\t\t\t\t<\/div>\n\t\t","protected":false},"excerpt":{"rendered":"<p>Programa\u00e7\u00e3o &#8211; Cabeleireiro Corte Masculino Tradicional Informa\u00e7\u00f5es em breve! Turma 1 09:00 \u00e0s 12:00 Obs: Est\u00e1 previs\u00e3o de turma poder\u00e1 sofrer altera\u00e7\u00f5e Conte\u00fado do curso: No\u00e7\u00f5es de rela\u00e7\u00f5es humanas e \u00e9tica profissional; Tipos de mercado de trabalho em que poder\u00e1 &hellip; <\/p>\n","protected":false},"author":1,"featured_media":0,"parent":0,"menu_order":0,"comment_status":"closed","ping_status":"closed","template":"","meta":{"_bbp_topic_count":0,"_bbp_reply_count":0,"_bbp_total_topic_count":0,"_bbp_total_reply_count":0,"_bbp_voice_count":0,"_bbp_anonymous_reply_count":0,"_bbp_topic_count_hidden":0,"_bbp_reply_count_hidden":0,"_bbp_forum_subforum_count":0,"pmpro_default_level":"","footnotes":""},"_links":{"self":[{"href":"https:\/\/cursos.ruthjunqueira.org.br\/fh\/wp-json\/wp\/v2\/pages\/11712"}],"collection":[{"href":"https:\/\/cursos.ruthjunqueira.org.br\/fh\/wp-json\/wp\/v2\/pages"}],"about":[{"href":"https:\/\/cursos.ruthjunqueira.org.br\/fh\/wp-json\/wp\/v2\/types\/page"}],"author":[{"embeddable":true,"href":"https:\/\/cursos.ruthjunqueira.org.br\/fh\/wp-json\/wp\/v2\/users\/1"}],"replies":[{"embeddable":true,"href":"https:\/\/cursos.ruthjunqueira.org.br\/fh\/wp-json\/wp\/v2\/comments?post=11712"}],"version-history":[{"count":24,"href":"https:\/\/cursos.ruthjunqueira.org.br\/fh\/wp-json\/wp\/v2\/pages\/11712\/revisions"}],"predecessor-version":[{"id":11797,"href":"https:\/\/cursos.ruthjunqueira.org.br\/fh\/wp-json\/wp\/v2\/pages\/11712\/revisions\/11797"}],"wp:attachment":[{"href":"https:\/\/cursos.ruthjunqueira.org.br\/fh\/wp-json\/wp\/v2\/media?parent=11712"}],"curies":[{"name":"wp","href":"https:\/\/api.w.org\/{rel}","templated":true}]}}